{"id":20,"date":"2020-03-27T11:35:32","date_gmt":"2020-03-27T11:35:32","guid":{"rendered":"http:\/\/2020.lizenzundmarketing.de\/?page_id=20"},"modified":"2023-01-05T17:12:17","modified_gmt":"2023-01-05T16:12:17","slug":"lizenzen-und-marken","status":"publish","type":"page","link":"https:\/\/lizenzundmarketing.de\/?page_id=20","title":{"rendered":"Lizenzen und Marken"},"content":{"rendered":"\t\t<div data-elementor-type=\"wp-page\" data-elementor-id=\"20\" class=\"elementor elementor-20\">\n\t\t\t\t\t\t<div class=\"elementor-inner\">\n\t\t\t\t<div class=\"elementor-section-wrap\">\n\t\t\t\t\t\t\t\t\t<section class=\"elementor-section elementor-top-section elementor-element elementor-element-83033bc elementor-section-content-middle elementor-section-stretched elementor-section-boxed elementor-section-height-default elementor-section-height-default\" data-id=\"83033bc\" data-element_type=\"section\" data-settings=\"{&quot;stretch_section&quot;:&quot;section-stretched&quot;}\">\n\t\t\t\t\t\t<div class=\"elementor-container elementor-column-gap-no\">\n\t\t\t\t\t\t\t<div class=\"elementor-row\">\n\t\t\t\t\t<div class=\"elementor-column elementor-col-100 elementor-top-column elementor-element elementor-element-7f620c2c\" data-id=\"7f620c2c\" data-element_type=\"column\">\n\t\t\t<div class=\"elementor-column-wrap elementor-element-populated\">\n\t\t\t\t\t\t\t<div class=\"elementor-widget-wrap\">\n\t\t\t\t\t\t<section class=\"elementor-section elementor-inner-section elementor-element elementor-element-1cfef2c0 elementor-section-full_width elementor-section-height-default elementor-section-height-default\" data-id=\"1cfef2c0\" data-element_type=\"section\">\n\t\t\t\t\t\t\t<div class=\"elementor-background-overlay\"><\/div>\n\t\t\t\t\t\t\t<div class=\"elementor-container elementor-column-gap-no\">\n\t\t\t\t\t\t\t<div class=\"elementor-row\">\n\t\t\t\t\t<div class=\"elementor-column elementor-col-100 elementor-inner-column elementor-element elementor-element-173002e0\" data-id=\"173002e0\" data-element_type=\"column\">\n\t\t\t<div class=\"elementor-column-wrap elementor-element-populated\">\n\t\t\t\t\t\t\t<div class=\"elementor-widget-wrap\">\n\t\t\t\t\t\t<div class=\"elementor-element elementor-element-246e1990 elementor-position-left elementor-view-default elementor-mobile-position-top elementor-vertical-align-top elementor-widget elementor-widget-icon-box\" data-id=\"246e1990\" data-element_type=\"widget\" data-widget_type=\"icon-box.default\">\n\t\t\t\t<div class=\"elementor-widget-container\">\n\t\t\t\t\t<div class=\"elementor-icon-box-wrapper\">\n\t\t\t\t\t\t<div class=\"elementor-icon-box-icon\">\n\t\t\t\t<a class=\"elementor-icon elementor-animation-grow\" href=\"#BeratungLizenzen\">\n\t\t\t\t<i aria-hidden=\"true\" class=\"fas fa-apple-alt\"><\/i>\t\t\t\t<\/a>\n\t\t\t<\/div>\n\t\t\t\t\t\t<div class=\"elementor-icon-box-content\">\n\t\t\t\t<h3 class=\"elementor-icon-box-title\">\n\t\t\t\t\t<a href=\"#BeratungLizenzen\" >\n\t\t\t\t\t\tBeratung Lizenzen und Marken\t\t\t\t\t<\/a>\n\t\t\t\t<\/h3>\n\t\t\t\t\t\t\t\t\t<p class=\"elementor-icon-box-description\">\n\t\t\t\t\t\t.  merchandising und licensing als instrument der gesamtkommunikation<br>\n.  imageanalyse und zielsetzung<br>\n.  markenbildung, markeneintragung und markenschutz<br>\n.  lizenzvergabe \u2013 eigenproduktion<br>\n.  kollektions-aufbau<br>.  kollektions-marketing<br>\n.  kollektions-vertrieb<br>\n.  \u00fcberwachung und anpassung<br>\t\t\t\t\t<\/p>\n\t\t\t\t\t\t\t<\/div>\n\t\t<\/div>\n\t\t\t\t<\/div>\n\t\t\t\t<\/div>\n\t\t\t\t<div class=\"elementor-element elementor-element-79277ed7 elementor-widget-divider--view-line elementor-widget elementor-widget-divider\" data-id=\"79277ed7\" data-element_type=\"widget\" data-widget_type=\"divider.default\">\n\t\t\t\t<div class=\"elementor-widget-container\">\n\t\t\t\t\t<div class=\"elementor-divider\">\n\t\t\t<span class=\"elementor-divider-separator\">\n\t\t\t\t\t\t<\/span>\n\t\t<\/div>\n\t\t\t\t<\/div>\n\t\t\t\t<\/div>\n\t\t\t\t<div class=\"elementor-element elementor-element-49657f27 elementor-position-left elementor-view-default elementor-mobile-position-top elementor-vertical-align-top elementor-widget elementor-widget-icon-box\" data-id=\"49657f27\" data-element_type=\"widget\" data-widget_type=\"icon-box.default\">\n\t\t\t\t<div class=\"elementor-widget-container\">\n\t\t\t\t\t<div class=\"elementor-icon-box-wrapper\">\n\t\t\t\t\t\t<div class=\"elementor-icon-box-icon\">\n\t\t\t\t<span class=\"elementor-icon elementor-animation-grow\" >\n\t\t\t\t<i aria-hidden=\"true\" class=\"fas fa-check\"><\/i>\t\t\t\t<\/span>\n\t\t\t<\/div>\n\t\t\t\t\t\t<div class=\"elementor-icon-box-content\">\n\t\t\t\t<h3 class=\"elementor-icon-box-title\">\n\t\t\t\t\t<span  >\n\t\t\t\t\t\tDurchf\u00fchrung\t\t\t\t\t<\/span>\n\t\t\t\t<\/h3>\n\t\t\t\t\t\t\t\t\t<p class=\"elementor-icon-box-description\">\n\t\t\t\t\t\tDurchf\u00fchrung s\u00e4mtlicher bzw.  ausgew\u00e4hlter konzeptioneller Ma\u00dfnahmen <br>Outsourcing von Dienstleistungen (z. b. Rechtsberatung, (Online)Werbung\t\t\t\t\t<\/p>\n\t\t\t\t\t\t\t<\/div>\n\t\t<\/div>\n\t\t\t\t<\/div>\n\t\t\t\t<\/div>\n\t\t\t\t<div class=\"elementor-element elementor-element-30647f08 elementor-widget-divider--view-line elementor-widget elementor-widget-divider\" data-id=\"30647f08\" data-element_type=\"widget\" data-widget_type=\"divider.default\">\n\t\t\t\t<div class=\"elementor-widget-container\">\n\t\t\t\t\t<div class=\"elementor-divider\">\n\t\t\t<span class=\"elementor-divider-separator\">\n\t\t\t\t\t\t<\/span>\n\t\t<\/div>\n\t\t\t\t<\/div>\n\t\t\t\t<\/div>\n\t\t\t\t<div class=\"elementor-element elementor-element-201c661a elementor-position-left elementor-view-default elementor-mobile-position-top elementor-vertical-align-top elementor-widget elementor-widget-icon-box\" data-id=\"201c661a\" data-element_type=\"widget\" data-widget_type=\"icon-box.default\">\n\t\t\t\t<div class=\"elementor-widget-container\">\n\t\t\t\t\t<div class=\"elementor-icon-box-wrapper\">\n\t\t\t\t\t\t<div class=\"elementor-icon-box-icon\">\n\t\t\t\t<span class=\"elementor-icon elementor-animation-grow\" >\n\t\t\t\t<i aria-hidden=\"true\" class=\"fas fa-briefcase\"><\/i>\t\t\t\t<\/span>\n\t\t\t<\/div>\n\t\t\t\t\t\t<div class=\"elementor-icon-box-content\">\n\t\t\t\t<h3 class=\"elementor-icon-box-title\">\n\t\t\t\t\t<span  >\n\t\t\t\t\t\tInterimsmanagement\t\t\t\t\t<\/span>\n\t\t\t\t<\/h3>\n\t\t\t\t\t\t\t\t\t<p class=\"elementor-icon-box-description\">\n\t\t\t\t\t\tManagementleistung f\u00fcr einen bestimmten Zeitraum\t\t\t\t\t<\/p>\n\t\t\t\t\t\t\t<\/div>\n\t\t<\/div>\n\t\t\t\t<\/div>\n\t\t\t\t<\/div>\n\t\t\t\t<div class=\"elementor-element elementor-element-75c0d631 elementor-widget-divider--view-line elementor-widget elementor-widget-divider\" data-id=\"75c0d631\" data-element_type=\"widget\" data-widget_type=\"divider.default\">\n\t\t\t\t<div class=\"elementor-widget-container\">\n\t\t\t\t\t<div class=\"elementor-divider\">\n\t\t\t<span class=\"elementor-divider-separator\">\n\t\t\t\t\t\t<\/span>\n\t\t<\/div>\n\t\t\t\t<\/div>\n\t\t\t\t<\/div>\n\t\t\t\t<div class=\"elementor-element elementor-element-5e91308c elementor-position-left elementor-view-default elementor-mobile-position-top elementor-vertical-align-top elementor-widget elementor-widget-icon-box\" data-id=\"5e91308c\" data-element_type=\"widget\" data-widget_type=\"icon-box.default\">\n\t\t\t\t<div class=\"elementor-widget-container\">\n\t\t\t\t\t<div class=\"elementor-icon-box-wrapper\">\n\t\t\t\t\t\t<div class=\"elementor-icon-box-icon\">\n\t\t\t\t<span class=\"elementor-icon elementor-animation-grow\" >\n\t\t\t\t<i aria-hidden=\"true\" class=\"fab fa-codepen\"><\/i>\t\t\t\t<\/span>\n\t\t\t<\/div>\n\t\t\t\t\t\t<div class=\"elementor-icon-box-content\">\n\t\t\t\t<h3 class=\"elementor-icon-box-title\">\n\t\t\t\t\t<span  >\n\t\t\t\t\t\tService\t\t\t\t\t<\/span>\n\t\t\t\t<\/h3>\n\t\t\t\t\t\t\t\t\t<p class=\"elementor-icon-box-description\">\n\t\t\t\t\t\tcustomer service, Logistik-Outsourcing\t\t\t\t\t<\/p>\n\t\t\t\t\t\t\t<\/div>\n\t\t<\/div>\n\t\t\t\t<\/div>\n\t\t\t\t<\/div>\n\t\t\t\t<div class=\"elementor-element elementor-element-b753f97 elementor-widget-divider--view-line elementor-widget elementor-widget-divider\" data-id=\"b753f97\" data-element_type=\"widget\" data-widget_type=\"divider.default\">\n\t\t\t\t<div class=\"elementor-widget-container\">\n\t\t\t\t\t<div class=\"elementor-divider\">\n\t\t\t<span class=\"elementor-divider-separator\">\n\t\t\t\t\t\t<\/span>\n\t\t<\/div>\n\t\t\t\t<\/div>\n\t\t\t\t<\/div>\n\t\t\t\t<div class=\"elementor-element elementor-element-79e2deaa elementor-position-left elementor-view-default elementor-mobile-position-top elementor-vertical-align-top elementor-widget elementor-widget-icon-box\" data-id=\"79e2deaa\" data-element_type=\"widget\" data-widget_type=\"icon-box.default\">\n\t\t\t\t<div class=\"elementor-widget-container\">\n\t\t\t\t\t<div class=\"elementor-icon-box-wrapper\">\n\t\t\t\t\t\t<div class=\"elementor-icon-box-icon\">\n\t\t\t\t<span class=\"elementor-icon elementor-animation-grow\" >\n\t\t\t\t<i aria-hidden=\"true\" class=\"fas fa-archive\"><\/i>\t\t\t\t<\/span>\n\t\t\t<\/div>\n\t\t\t\t\t\t<div class=\"elementor-icon-box-content\">\n\t\t\t\t<h3 class=\"elementor-icon-box-title\">\n\t\t\t\t\t<span  >\n\t\t\t\t\t\tOrganisation\t\t\t\t\t<\/span>\n\t\t\t\t<\/h3>\n\t\t\t\t\t\t\t\t\t<p class=\"elementor-icon-box-description\">\n\t\t\t\t\t\tStruktur, Prozesse und Arbeitsmittel\t\t\t\t\t<\/p>\n\t\t\t\t\t\t\t<\/div>\n\t\t<\/div>\n\t\t\t\t<\/div>\n\t\t\t\t<\/div>\n\t\t\t\t\t\t<\/div>\n\t\t\t\t\t<\/div>\n\t\t<\/div>\n\t\t\t\t\t\t\t\t<\/div>\n\t\t\t\t\t<\/div>\n\t\t<\/section>\n\t\t\t\t\t\t<\/div>\n\t\t\t\t\t<\/div>\n\t\t<\/div>\n\t\t\t\t\t\t\t\t<\/div>\n\t\t\t\t\t<\/div>\n\t\t<\/section>\n\t\t\t\t<section class=\"elementor-section elementor-top-section elementor-element elementor-element-742fa3b5 elementor-section-boxed elementor-section-height-default elementor-section-height-default\" data-id=\"742fa3b5\" data-element_type=\"section\">\n\t\t\t\t\t\t<div class=\"elementor-container elementor-column-gap-default\">\n\t\t\t\t\t\t\t<div class=\"elementor-row\">\n\t\t\t\t\t<div class=\"elementor-column elementor-col-100 elementor-top-column elementor-element elementor-element-c890419\" data-id=\"c890419\" data-element_type=\"column\">\n\t\t\t<div class=\"elementor-column-wrap\">\n\t\t\t\t\t\t\t<div class=\"elementor-widget-wrap\">\n\t\t\t\t\t\t\t\t<\/div>\n\t\t\t\t\t<\/div>\n\t\t<\/div>\n\t\t\t\t\t\t\t\t<\/div>\n\t\t\t\t\t<\/div>\n\t\t<\/section>\n\t\t\t\t\t\t\t\t\t<\/div>\n\t\t\t<\/div>\n\t\t\t\t\t<\/div>\n\t\t","protected":false},"excerpt":{"rendered":"<p>Beratung Lizenzen und Marken . merchandising und licensing als instrument der gesamtkommunikation . imageanalyse und zielsetzung . markenbildung, markeneintragung und markenschutz . lizenzvergabe \u2013 eigenproduktion . kollektions-aufbau. kollektions-marketing . kollektions-vertrieb . \u00fcberwachung und anpassung Durchf\u00fchrung Durchf\u00fchrung s\u00e4mtlicher bzw. ausgew\u00e4hlter konzeptioneller Ma\u00dfnahmen Outsourcing von Dienstleistungen (z. b. Rechtsberatung, (Online)Werbung Interimsmanagement Managementleistung f\u00fcr einen bestimmten Zeitraum Service [&hellip;]<\/p>\n","protected":false},"author":1,"featured_media":0,"parent":0,"menu_order":0,"comment_status":"closed","ping_status":"closed","template":"","meta":[],"yoast_head":"<!-- This site is optimized with the Yoast SEO plugin v19.13 - https:\/\/yoast.com\/wordpress\/plugins\/seo\/ -->\n<title>Lizenzen und Marken - LMOK-Lizenz- und Marketingberatung<\/title>\n<meta name=\"robots\" content=\"index, follow, max-snippet:-1, max-image-preview:large, max-video-preview:-1\" \/>\n<link rel=\"canonical\" href=\"https:\/\/lizenzundmarketing.de\/?page_id=20\" \/>\n<meta property=\"og:locale\" content=\"de_DE\" \/>\n<meta property=\"og:type\" content=\"article\" \/>\n<meta property=\"og:title\" content=\"Lizenzen und Marken - LMOK-Lizenz- und Marketingberatung\" \/>\n<meta property=\"og:description\" content=\"Beratung Lizenzen und Marken . merchandising und licensing als instrument der gesamtkommunikation . imageanalyse und zielsetzung . markenbildung, markeneintragung und markenschutz . lizenzvergabe \u2013 eigenproduktion . kollektions-aufbau. kollektions-marketing . kollektions-vertrieb . \u00fcberwachung und anpassung Durchf\u00fchrung Durchf\u00fchrung s\u00e4mtlicher bzw. ausgew\u00e4hlter konzeptioneller Ma\u00dfnahmen Outsourcing von Dienstleistungen (z. b. Rechtsberatung, (Online)Werbung Interimsmanagement Managementleistung f\u00fcr einen bestimmten Zeitraum Service [&hellip;]\" \/>\n<meta property=\"og:url\" content=\"https:\/\/lizenzundmarketing.de\/?page_id=20\" \/>\n<meta property=\"og:site_name\" content=\"LMOK-Lizenz- und Marketingberatung\" \/>\n<meta property=\"article:modified_time\" content=\"2023-01-05T16:12:17+00:00\" \/>\n<meta name=\"twitter:card\" content=\"summary_large_image\" \/>\n<meta name=\"twitter:label1\" content=\"Gesch\u00e4tzte Lesezeit\" \/>\n\t<meta name=\"twitter:data1\" content=\"1\u00a0Minute\" \/>\n<script type=\"application\/ld+json\" class=\"yoast-schema-graph\">{\"@context\":\"https:\/\/schema.org\",\"@graph\":[{\"@type\":\"WebPage\",\"@id\":\"https:\/\/lizenzundmarketing.de\/?page_id=20\",\"url\":\"https:\/\/lizenzundmarketing.de\/?page_id=20\",\"name\":\"Lizenzen und Marken - LMOK-Lizenz- und Marketingberatung\",\"isPartOf\":{\"@id\":\"https:\/\/lizenzundmarketing.de\/#website\"},\"datePublished\":\"2020-03-27T11:35:32+00:00\",\"dateModified\":\"2023-01-05T16:12:17+00:00\",\"breadcrumb\":{\"@id\":\"https:\/\/lizenzundmarketing.de\/?page_id=20#breadcrumb\"},\"inLanguage\":\"de\",\"potentialAction\":[{\"@type\":\"ReadAction\",\"target\":[\"https:\/\/lizenzundmarketing.de\/?page_id=20\"]}]},{\"@type\":\"BreadcrumbList\",\"@id\":\"https:\/\/lizenzundmarketing.de\/?page_id=20#breadcrumb\",\"itemListElement\":[{\"@type\":\"ListItem\",\"position\":1,\"name\":\"Startseite\",\"item\":\"https:\/\/lizenzundmarketing.de\/\"},{\"@type\":\"ListItem\",\"position\":2,\"name\":\"Lizenzen und Marken\"}]},{\"@type\":\"WebSite\",\"@id\":\"https:\/\/lizenzundmarketing.de\/#website\",\"url\":\"https:\/\/lizenzundmarketing.de\/\",\"name\":\"LMOK-Vertrieb und Marke\",\"description\":\"Die Pers\u00f6nlichkeit ist die Ursache, das Image ist die Wirkung\",\"publisher\":{\"@id\":\"https:\/\/lizenzundmarketing.de\/#organization\"},\"potentialAction\":[{\"@type\":\"SearchAction\",\"target\":{\"@type\":\"EntryPoint\",\"urlTemplate\":\"https:\/\/lizenzundmarketing.de\/?s={search_term_string}\"},\"query-input\":\"required name=search_term_string\"}],\"inLanguage\":\"de\"},{\"@type\":\"Organization\",\"@id\":\"https:\/\/lizenzundmarketing.de\/#organization\",\"name\":\"Lizenz- und Marketingberatung Oliver Kainz\",\"url\":\"https:\/\/lizenzundmarketing.de\/\",\"logo\":{\"@type\":\"ImageObject\",\"inLanguage\":\"de\",\"@id\":\"https:\/\/lizenzundmarketing.de\/#\/schema\/logo\/image\/\",\"url\":\"https:\/\/lizenzundmarketing.de\/wp-content\/uploads\/2020\/03\/LizenzundMarketing_Logo_cmyk-2020.jpg\",\"contentUrl\":\"https:\/\/lizenzundmarketing.de\/wp-content\/uploads\/2020\/03\/LizenzundMarketing_Logo_cmyk-2020.jpg\",\"width\":1594,\"height\":194,\"caption\":\"Lizenz- und Marketingberatung Oliver Kainz\"},\"image\":{\"@id\":\"https:\/\/lizenzundmarketing.de\/#\/schema\/logo\/image\/\"}}]}<\/script>\n<!-- \/ Yoast SEO plugin. -->","yoast_head_json":{"title":"Lizenzen und Marken - LMOK-Lizenz- und Marketingberatung","robots":{"index":"index","follow":"follow","max-snippet":"max-snippet:-1","max-image-preview":"max-image-preview:large","max-video-preview":"max-video-preview:-1"},"canonical":"https:\/\/lizenzundmarketing.de\/?page_id=20","og_locale":"de_DE","og_type":"article","og_title":"Lizenzen und Marken - LMOK-Lizenz- und Marketingberatung","og_description":"Beratung Lizenzen und Marken . merchandising und licensing als instrument der gesamtkommunikation . imageanalyse und zielsetzung . markenbildung, markeneintragung und markenschutz . lizenzvergabe \u2013 eigenproduktion . kollektions-aufbau. kollektions-marketing . kollektions-vertrieb . \u00fcberwachung und anpassung Durchf\u00fchrung Durchf\u00fchrung s\u00e4mtlicher bzw. ausgew\u00e4hlter konzeptioneller Ma\u00dfnahmen Outsourcing von Dienstleistungen (z. b. Rechtsberatung, (Online)Werbung Interimsmanagement Managementleistung f\u00fcr einen bestimmten Zeitraum Service [&hellip;]","og_url":"https:\/\/lizenzundmarketing.de\/?page_id=20","og_site_name":"LMOK-Lizenz- und Marketingberatung","article_modified_time":"2023-01-05T16:12:17+00:00","twitter_card":"summary_large_image","twitter_misc":{"Gesch\u00e4tzte Lesezeit":"1\u00a0Minute"},"schema":{"@context":"https:\/\/schema.org","@graph":[{"@type":"WebPage","@id":"https:\/\/lizenzundmarketing.de\/?page_id=20","url":"https:\/\/lizenzundmarketing.de\/?page_id=20","name":"Lizenzen und Marken - LMOK-Lizenz- und Marketingberatung","isPartOf":{"@id":"https:\/\/lizenzundmarketing.de\/#website"},"datePublished":"2020-03-27T11:35:32+00:00","dateModified":"2023-01-05T16:12:17+00:00","breadcrumb":{"@id":"https:\/\/lizenzundmarketing.de\/?page_id=20#breadcrumb"},"inLanguage":"de","potentialAction":[{"@type":"ReadAction","target":["https:\/\/lizenzundmarketing.de\/?page_id=20"]}]},{"@type":"BreadcrumbList","@id":"https:\/\/lizenzundmarketing.de\/?page_id=20#breadcrumb","itemListElement":[{"@type":"ListItem","position":1,"name":"Startseite","item":"https:\/\/lizenzundmarketing.de\/"},{"@type":"ListItem","position":2,"name":"Lizenzen und Marken"}]},{"@type":"WebSite","@id":"https:\/\/lizenzundmarketing.de\/#website","url":"https:\/\/lizenzundmarketing.de\/","name":"LMOK-Vertrieb und Marke","description":"Die Pers\u00f6nlichkeit ist die Ursache, das Image ist die Wirkung","publisher":{"@id":"https:\/\/lizenzundmarketing.de\/#organization"},"potentialAction":[{"@type":"SearchAction","target":{"@type":"EntryPoint","urlTemplate":"https:\/\/lizenzundmarketing.de\/?s={search_term_string}"},"query-input":"required name=search_term_string"}],"inLanguage":"de"},{"@type":"Organization","@id":"https:\/\/lizenzundmarketing.de\/#organization","name":"Lizenz- und Marketingberatung Oliver Kainz","url":"https:\/\/lizenzundmarketing.de\/","logo":{"@type":"ImageObject","inLanguage":"de","@id":"https:\/\/lizenzundmarketing.de\/#\/schema\/logo\/image\/","url":"https:\/\/lizenzundmarketing.de\/wp-content\/uploads\/2020\/03\/LizenzundMarketing_Logo_cmyk-2020.jpg","contentUrl":"https:\/\/lizenzundmarketing.de\/wp-content\/uploads\/2020\/03\/LizenzundMarketing_Logo_cmyk-2020.jpg","width":1594,"height":194,"caption":"Lizenz- und Marketingberatung Oliver Kainz"},"image":{"@id":"https:\/\/lizenzundmarketing.de\/#\/schema\/logo\/image\/"}}]}},"_links":{"self":[{"href":"https:\/\/lizenzundmarketing.de\/index.php?rest_route=\/wp\/v2\/pages\/20"}],"collection":[{"href":"https:\/\/lizenzundmarketing.de\/index.php?rest_route=\/wp\/v2\/pages"}],"about":[{"href":"https:\/\/lizenzundmarketing.de\/index.php?rest_route=\/wp\/v2\/types\/page"}],"author":[{"embeddable":true,"href":"https:\/\/lizenzundmarketing.de\/index.php?rest_route=\/wp\/v2\/users\/1"}],"replies":[{"embeddable":true,"href":"https:\/\/lizenzundmarketing.de\/index.php?rest_route=%2Fwp%2Fv2%2Fcomments&post=20"}],"version-history":[{"count":16,"href":"https:\/\/lizenzundmarketing.de\/index.php?rest_route=\/wp\/v2\/pages\/20\/revisions"}],"predecessor-version":[{"id":646,"href":"https:\/\/lizenzundmarketing.de\/index.php?rest_route=\/wp\/v2\/pages\/20\/revisions\/646"}],"wp:attachment":[{"href":"https:\/\/lizenzundmarketing.de\/index.php?rest_route=%2Fwp%2Fv2%2Fmedia&parent=20"}],"curies":[{"name":"wp","href":"https:\/\/api.w.org\/{rel}","templated":true}]}}