{"id":331,"date":"2020-04-14T10:49:04","date_gmt":"2020-04-14T08:49:04","guid":{"rendered":"https:\/\/lizenzundmarketing.de\/?page_id=331"},"modified":"2023-01-05T17:18:12","modified_gmt":"2023-01-05T16:18:12","slug":"impressum-und-datenschutz","status":"publish","type":"page","link":"https:\/\/lizenzundmarketing.de\/?page_id=331","title":{"rendered":"Impressum und Datenschutz"},"content":{"rendered":"\t\t<div data-elementor-type=\"wp-page\" data-elementor-id=\"331\" class=\"elementor elementor-331\">\n\t\t\t\t\t\t<div class=\"elementor-inner\">\n\t\t\t\t<div class=\"elementor-section-wrap\">\n\t\t\t\t\t\t\t\t\t<section class=\"elementor-section elementor-top-section elementor-element elementor-element-641bcc0 elementor-section-boxed elementor-section-height-default elementor-section-height-default\" data-id=\"641bcc0\" data-element_type=\"section\">\n\t\t\t\t\t\t<div class=\"elementor-container elementor-column-gap-default\">\n\t\t\t\t\t\t\t<div class=\"elementor-row\">\n\t\t\t\t\t<div class=\"elementor-column elementor-col-100 elementor-top-column elementor-element elementor-element-995ba61\" data-id=\"995ba61\" data-element_type=\"column\">\n\t\t\t<div class=\"elementor-column-wrap elementor-element-populated\">\n\t\t\t\t\t\t\t<div class=\"elementor-widget-wrap\">\n\t\t\t\t\t\t<div class=\"elementor-element elementor-element-5d64325 elementor-widget elementor-widget-heading\" data-id=\"5d64325\" data-element_type=\"widget\" data-widget_type=\"heading.default\">\n\t\t\t\t<div class=\"elementor-widget-container\">\n\t\t\t<h2 class=\"elementor-heading-title elementor-size-default\">Impressum<\/h2>\t\t<\/div>\n\t\t\t\t<\/div>\n\t\t\t\t<div class=\"elementor-element elementor-element-3d91867 elementor-widget elementor-widget-text-editor\" data-id=\"3d91867\" data-element_type=\"widget\" data-widget_type=\"text-editor.default\">\n\t\t\t\t<div class=\"elementor-widget-container\">\n\t\t\t\t\t\t\t\t<div class=\"elementor-text-editor elementor-clearfix\">\n\t\t\t\t<p>Lizenz- und Marketingberatung Oliver Kainz<br \/>Oliver Kainz<br \/>Schlossstra\u00dfe 32<br \/>71691 Freiberg N.<\/p><p>Kontakt:<br \/>Tel.: +49(0)7141-5649247<br \/>E-mail: mail@lizenzundmarketing.de<\/p><p>Umsatzsteuer ID<br \/>DE187845489<\/p>\t\t\t\t\t<\/div>\n\t\t\t\t\t\t<\/div>\n\t\t\t\t<\/div>\n\t\t\t\t\t\t<\/div>\n\t\t\t\t\t<\/div>\n\t\t<\/div>\n\t\t\t\t\t\t\t\t<\/div>\n\t\t\t\t\t<\/div>\n\t\t<\/section>\n\t\t\t\t<section class=\"elementor-section elementor-top-section elementor-element elementor-element-49c1a6a elementor-section-boxed elementor-section-height-default elementor-section-height-default\" data-id=\"49c1a6a\" data-element_type=\"section\">\n\t\t\t\t\t\t<div class=\"elementor-container elementor-column-gap-default\">\n\t\t\t\t\t\t\t<div class=\"elementor-row\">\n\t\t\t\t\t<div class=\"elementor-column elementor-col-100 elementor-top-column elementor-element elementor-element-e79c866\" data-id=\"e79c866\" data-element_type=\"column\">\n\t\t\t<div class=\"elementor-column-wrap\">\n\t\t\t\t\t\t\t<div class=\"elementor-widget-wrap\">\n\t\t\t\t\t\t\t\t<\/div>\n\t\t\t\t\t<\/div>\n\t\t<\/div>\n\t\t\t\t\t\t\t\t<\/div>\n\t\t\t\t\t<\/div>\n\t\t<\/section>\n\t\t\t\t<section class=\"elementor-section elementor-top-section elementor-element elementor-element-ac78bb3 elementor-section-boxed elementor-section-height-default elementor-section-height-default\" data-id=\"ac78bb3\" data-element_type=\"section\">\n\t\t\t\t\t\t<div class=\"elementor-container elementor-column-gap-default\">\n\t\t\t\t\t\t\t<div class=\"elementor-row\">\n\t\t\t\t\t<div class=\"elementor-column elementor-col-100 elementor-top-column elementor-element elementor-element-94ba007\" data-id=\"94ba007\" data-element_type=\"column\">\n\t\t\t<div class=\"elementor-column-wrap elementor-element-populated\">\n\t\t\t\t\t\t\t<div class=\"elementor-widget-wrap\">\n\t\t\t\t\t\t<div class=\"elementor-element elementor-element-8a06237 elementor-widget elementor-widget-heading\" data-id=\"8a06237\" data-element_type=\"widget\" data-widget_type=\"heading.default\">\n\t\t\t\t<div class=\"elementor-widget-container\">\n\t\t\t<h2 class=\"elementor-heading-title elementor-size-default\">Haftungsausschluss und Datenschutz<\/h2>\t\t<\/div>\n\t\t\t\t<\/div>\n\t\t\t\t\t\t<\/div>\n\t\t\t\t\t<\/div>\n\t\t<\/div>\n\t\t\t\t\t\t\t\t<\/div>\n\t\t\t\t\t<\/div>\n\t\t<\/section>\n\t\t\t\t<section class=\"elementor-section elementor-top-section elementor-element elementor-element-c792e09 elementor-section-boxed elementor-section-height-default elementor-section-height-default\" data-id=\"c792e09\" data-element_type=\"section\">\n\t\t\t\t\t\t<div class=\"elementor-container elementor-column-gap-default\">\n\t\t\t\t\t\t\t<div class=\"elementor-row\">\n\t\t\t\t\t<div class=\"elementor-column elementor-col-100 elementor-top-column elementor-element elementor-element-c2d96f4\" data-id=\"c2d96f4\" data-element_type=\"column\">\n\t\t\t<div class=\"elementor-column-wrap elementor-element-populated\">\n\t\t\t\t\t\t\t<div class=\"elementor-widget-wrap\">\n\t\t\t\t\t\t<div class=\"elementor-element elementor-element-2f8810d elementor-widget elementor-widget-text-editor\" data-id=\"2f8810d\" data-element_type=\"widget\" data-widget_type=\"text-editor.default\">\n\t\t\t\t<div class=\"elementor-widget-container\">\n\t\t\t\t\t\t\t\t<div class=\"elementor-text-editor elementor-clearfix\">\n\t\t\t\t<h6>Haftungsausschluss<\/h6><p>Die Lizenz- und Marketingberatung Oliver Kainz ( &#8222;LMOK&#8220;) \u00fcbernimmt keine Garantie daf\u00fcr, dass die auf dieser Website bereitgestellten Informationen vollst\u00e4ndig, richtig und in jedem Fall aktuell sind. Dies gilt auch f\u00fcr alle Verbindungen (\u201eLinks\u201c), die von dieser Website direkt oder indirekt verweisen. LMOK ist f\u00fcr den Inhalt einer Seite, die mit einem solchen Link erreicht wird, nicht verantwortlich.\u202f<\/p><p>Die Lizenz- und Marketingberatung Oliver Kainz beh\u00e4lt sich das Recht vor, ohne vorherige Ank\u00fcndigung, \u00c4nderungen oder Erg\u00e4nzungen der bereitgestellten Informationen vorzunehmen.<\/p><p>LMOK begr\u00fcndet durch die Bereitstellung dieser Informationen kein Vertragsangebot \u00fcber Ausk\u00fcnfte, Beratung oder \u00e4hnliche Vertragsbeziehungen. Jegliche Haftung f\u00fcr die Nutzung der Inhalte der Website oder die Richtigkeit der Inhalte oder die Erreichbarkeit der Website wird ausgeschlossen.<\/p><p>Die Lizenz- und Marketingberatung Oliver Kainz haftet daher nicht f\u00fcr konkrete, mittelbare und unmittelbare Sch\u00e4den oder Sch\u00e4den, die durch fehlende Nutzungsm\u00f6glichkeiten, Datenverluste oder entgangene Gewinne entstehen k\u00f6nnen, die im Zusammenhang mit der Nutzung von Dokumenten oder Informationen entstehen, die auf dieser Website zug\u00e4nglich sind.<\/p><p>Das Copyright f\u00fcr selbst erstellte Bilder, Grafiken, Texte und Objekte bleibt allein beim Autor dieser Seiten bzw. bei der Lizenz- und Marketingberatung Oliver Kainz. Eine Vervielf\u00e4ltigung oder Verwendung solcher Bilder, Grafiken, Texte und Objekte in anderen elektronischen oder gedruckten Publikationen ist ohne ausdr\u00fcckliche Zustimmung der Lizenz- und Marketingberatung Oliver Kainz nicht gestattet.<\/p><h6>\u00a0<\/h6><h6>Datenschutzhinweise Lizenz- und Marketingberatung Oliver Kainz<\/h6><p>Datenschutz und Schutz Ihrer Privatsph\u00e4re wird bei der Lizenz- und Marketingberatung Oliver Kainz gro\u00df geschrieben &#8211; die konsequente Orientierung an der aktuellen Datenschutzgesetzgebung ist f\u00fcr uns selbstverst\u00e4ndlich! Dar\u00fcber hinaus ist es uns wichtig, dass Sie jederzeit wissen, wann wir welche Daten speichern und wie wir sie verwenden. Nachfolgende Informationen geben Ihnen Auskunft dar\u00fcber, wie wir mit Informationen umgehen, die w\u00e4hrend Ihres Besuchs auf der Internet-Seite www.lizenzundmarketing.de erhoben werden.<\/p><p>1. Datenerhebung und Verwendung personenbezogener Daten<br \/>a) Personenbezogene Daten<br \/>Personenbezogene Daten sind alle Informationen zu Ihrer Identit\u00e4t wie beispielsweise Ihr Name, Ihre E-Mail-Adresse oder Ihre Postanschrift. Sofern innerhalb des Internetangebotes die M\u00f6glichkeit zur Eingabe pers\u00f6nlicher oder gesch\u00e4ftlicher Daten besteht, so erfolgt die Preisgabe dieser Daten seitens des Nutzers auf freiwilliger Basis. Alle in diesem Rahmen anfallenden personenbezogenen Daten werden entsprechend den jeweils geltenden Vorschriften zum Schutz personenbezogener Daten nur zum Zwecke der Abwicklung Ihrer Anfrage (Zusendung von angefragtem Informationsmaterial oder von Angeboten etc.), zur Vertragserf\u00fcllung sowie zur Wahrung berechtigter eigener Gesch\u00e4ftsinteressen und gelegentlich f\u00fcr eigene Werbung genutzt. Die Nutzung erfolgt dabei ausschlie\u00dflich durch die Lizenz- und Marketingberatung Oliver Kainz. Etwaige im Rahmen der Abwicklung von uns eingesetzte Dienstleister erhalten lediglich die zu ihrer Aufgabenerf\u00fcllung notwendigen Daten und sind wie auch unsere eigenen Mitarbeiter zur Vertraulichkeit verpflichtet.<\/p><p>b) Kinder und Jugendliche<br \/>Unsere Angebote richten sich ausschlie\u00dflich an Unternehmer i. S. des \u00a7 14 BGB. Wir legen allen Eltern und Aufsichtspersonen nahe, ihre Kinder in den sicheren und verantwortungsbewussten Umgang mit ihren personenbezogenen Daten im Internet einzuweisen. Ohne Zustimmung der Eltern oder der Aufsichtsperson sollten Kinder keine personenbezogenen Daten an Internet-Seiten \u00fcbermitteln! Wir versichern, dass wir personenbezogene Daten von Kindern nicht wissentlich sammeln oder Dritten gegen\u00fcber unberechtigt offenlegen.<\/p><p>c) \u00c4nderungen<br \/>Wenn sich Ihre pers\u00f6nlichen Daten ge\u00e4ndert haben (z. B. Postleitzahl, E-Mail-Adresse oder Postadresse), k\u00f6nnen Sie uns per Mail informieren, um die Daten zu korrigieren oder auf den neuesten Stand zu bringen.<\/p><p>2. Newsletter und Werbung<br \/>Falls wir Ihnen auf Ihre Anforderung hin einen Newsletter zukommen lassen, erhalten Sie damit jederzeit abbestellbare Informationen \u00fcber unsere Angebote (Abmelde-Link im Newsletter). Wenn Sie es w\u00fcnschen, k\u00f6nnen Sie bei der Anmeldung zum Newsletter auch Pseudonyme verwenden, so dass keine direkten R\u00fcckschl\u00fcsse auf Ihre Person m\u00f6glich sind. Den Newsletter k\u00f6nnen Sie auch einfach per Mail an obenstehende E-Mail-Adresse oder schriftlich an unsere Post-Anschrift abbestellen.<\/p><p>3. Links zu anderen Internet-Seiten<br \/>Diese Erkl\u00e4rung zum Datenschutz gilt ausschlie\u00dflich f\u00fcr unseren eigenen Internet-Auftritt. Die Internet-Seiten in diesem Auftritt k\u00f6nnen Links auf Internet-Seiten Dritter enthalten. Auf diese Internet-Seiten erstreckt sich unsere Datenschutzerkl\u00e4rung nicht. Wenn Sie unseren Internet-Auftritt verlassen, wird empfohlen, die Datenschutz-Richtlinie jeder Internet-Seite, die personenbezogene Daten sammelt, sorgf\u00e4ltig zu lesen.<\/p><p>4. Auskunftsrecht<br \/>Haben Sie Fragen hinsichtlich der Verarbeitung und Nutzung Ihrer pers\u00f6nlichen Daten? Dann wenden Sie sich bitte direkt an uns. Wir helfen Ihnen auch gerne bei der Kl\u00e4rung von Fragen unerw\u00fcnschter Werbung, soweit wir im konkreten Fall eingebunden sind und Einflussm\u00f6glichkeiten haben.<\/p><p>5. Zugriffsdaten\/ Server-Logfiles<br \/>Der Anbieter (beziehungsweise sein Webspace-Provider) erhebt Daten \u00fcber jeden Zugriff auf das Angebot (so genannte Serverlogfiles). Zu den Zugriffsdaten geh\u00f6ren: Name der abgerufenen Webseite, Datei, Datum und Uhrzeit des Abrufs, \u00fcbertragene Datenmenge, Meldung \u00fcber erfolgreichen Abruf, Browsertyp nebst Version, das Betriebssystem des Nutzers, Referrer URL (die zuvor besuchte Seite), IP-Adresse und der anfragende Provider.<\/p><p>Der Anbieter verwendet die Protokolldaten nur f\u00fcr statistische Auswertungen zum Zweck des Betriebs, der Sicherheit und der Optimierung des Angebotes. Der Anbieter beh\u00e4lt sich jedoch vor, die Protokolldaten nachtr\u00e4glich zu \u00fcberpr\u00fcfen, wenn aufgrund konkreter Anhaltspunkte der berechtigte Verdacht einer rechtswidrigen Nutzung besteht.<\/p><p>6. Kontaktaufnahme<br \/>Bei der Kontaktaufnahme mit dem Anbieter (zum Beispiel per Kontaktformular oder E-Mail) werden die Angaben des Nutzers zwecks Bearbeitung der Anfrage sowie f\u00fcr den Fall, dass Anschlussfragen entstehen, gespeichert.<\/p><p>7. Einbindung von Diensten und Inhalten Dritter<br \/>Es kann vorkommen, dass innerhalb dieses Onlineangebotes Inhalte Dritter, wie zum Beispiel Videos von YouTube, Kartenmaterial von Google-Maps, RSS-Feeds oder Grafiken von anderen Webseiten eingebunden werden. Dies setzt immer voraus, dass die Anbieter dieser Inhalte (nachfolgend bezeichnet als \u201eDritt-Anbieter\u201c) die IP-Adresse der Nutzer wahrnehmen. Denn ohne die IP-Adresse, k\u00f6nnten sie die Inhalte nicht an den Browser des jeweiligen Nutzers senden. Die IP-Adresse ist damit f\u00fcr die Darstellung dieser Inhalte erforderlich. Wir bem\u00fchen uns, nur solche Inhalte zu verwenden, deren jeweilige Anbieter die IP-Adresse lediglich zur Auslieferung der Inhalte verwenden. Jedoch haben wir keinen Einfluss darauf, falls die Dritt-Anbieter die IP-Adresse z.B. f\u00fcr statistische Zwecke speichern. Soweit dies uns bekannt ist, kl\u00e4ren wir die Nutzer dar\u00fcber auf.<\/p><p>8. Cookies<br \/>Cookies sind kleine Dateien, die es erm\u00f6glichen, auf dem Zugriffsger\u00e4t der Nutzer (PC, Smartphone o.\u00e4.) spezifische, auf das Ger\u00e4t bezogene Informationen zu speichern. Sie dienen zum einem der Benutzerfreundlichkeit von Webseiten und damit den Nutzern (z.B. Speicherung von Log in-Daten). Zum anderen dienen sie, um die statistische Daten der Webseitennutzung zu erfassen und sie zwecks Verbesserung des Angebotes analysieren zu k\u00f6nnen. Die Nutzer k\u00f6nnen auf den Einsatz der Cookies Einfluss nehmen. Die meisten Browser verf\u00fcgen eine Option mit der das Speichern von Cookies eingeschr\u00e4nkt oder komplett verhindert wird. Allerdings wird darauf hingewiesen, dass die Nutzung und insbesondere der Nutzungskomfort ohne Cookies eingeschr\u00e4nkt werden.<\/p><p>Rechtswirksamkeit des Haftungsausschlusses<br \/>Dieser Haftungsausschluss ist als Teil des Internetangebotes zu betrachten, von dem aus auf diese Seite verwiesen wurde. Sofern Teile oder einzelne Formulierungen dieses Textes der geltenden Rechtslage nicht, nicht mehr oder nicht vollst\u00e4ndig entsprechen sollten, bleiben die \u00fcbrigen Teile des Dokumentes in ihrem Inhalt und ihrer G\u00fcltigkeit davon unber\u00fchrt.<\/p><p>LMOK<\/p>\t\t\t\t\t<\/div>\n\t\t\t\t\t\t<\/div>\n\t\t\t\t<\/div>\n\t\t\t\t\t\t<\/div>\n\t\t\t\t\t<\/div>\n\t\t<\/div>\n\t\t\t\t\t\t\t\t<\/div>\n\t\t\t\t\t<\/div>\n\t\t<\/section>\n\t\t\t\t\t\t\t\t\t<\/div>\n\t\t\t<\/div>\n\t\t\t\t\t<\/div>\n\t\t","protected":false},"excerpt":{"rendered":"<p>Impressum Lizenz- und Marketingberatung Oliver Kainz Oliver Kainz Schlossstra\u00dfe 32 71691 Freiberg N. Kontakt: Tel.: +49(0)7141-5649247 E-mail: mail@lizenzundmarketing.de Umsatzsteuer ID DE187845489 Haftungsausschluss und Datenschutz Haftungsausschluss Die Lizenz- und Marketingberatung Oliver Kainz ( &#8222;LMOK&#8220;) \u00fcbernimmt keine Garantie daf\u00fcr, dass die auf dieser Website bereitgestellten Informationen vollst\u00e4ndig, richtig und in jedem Fall aktuell sind. Dies gilt auch [&hellip;]<\/p>\n","protected":false},"author":1,"featured_media":0,"parent":0,"menu_order":0,"comment_status":"closed","ping_status":"closed","template":"","meta":[],"yoast_head":"<!-- This site is optimized with the Yoast SEO plugin v19.13 - https:\/\/yoast.com\/wordpress\/plugins\/seo\/ -->\n<title>Impressum und Datenschutz - LMOK-Lizenz- und Marketingberatung<\/title>\n<meta name=\"description\" content=\"Datenschutz und Schutz Ihrer Privatsph\u00e4re wird bei der Lizenz- und Marketingberatung Oliver Kainz gro\u00df geschrieben!\" \/>\n<meta name=\"robots\" content=\"noindex, nofollow\" \/>\n<meta property=\"og:locale\" content=\"de_DE\" \/>\n<meta property=\"og:type\" content=\"article\" \/>\n<meta property=\"og:title\" content=\"Impressum und Datenschutz - LMOK-Lizenz- und Marketingberatung\" \/>\n<meta property=\"og:description\" content=\"Datenschutz und Schutz Ihrer Privatsph\u00e4re wird bei der Lizenz- und Marketingberatung Oliver Kainz gro\u00df geschrieben!\" \/>\n<meta property=\"og:url\" content=\"https:\/\/lizenzundmarketing.de\/?page_id=331\" \/>\n<meta property=\"og:site_name\" content=\"LMOK-Lizenz- und Marketingberatung\" \/>\n<meta property=\"article:modified_time\" content=\"2023-01-05T16:18:12+00:00\" \/>\n<meta name=\"twitter:card\" content=\"summary_large_image\" \/>\n<meta name=\"twitter:label1\" content=\"Gesch\u00e4tzte Lesezeit\" \/>\n\t<meta name=\"twitter:data1\" content=\"7\u00a0Minuten\" \/>\n<script type=\"application\/ld+json\" class=\"yoast-schema-graph\">{\"@context\":\"https:\/\/schema.org\",\"@graph\":[{\"@type\":\"WebPage\",\"@id\":\"https:\/\/lizenzundmarketing.de\/?page_id=331\",\"url\":\"https:\/\/lizenzundmarketing.de\/?page_id=331\",\"name\":\"Impressum und Datenschutz - LMOK-Lizenz- und Marketingberatung\",\"isPartOf\":{\"@id\":\"https:\/\/lizenzundmarketing.de\/#website\"},\"datePublished\":\"2020-04-14T08:49:04+00:00\",\"dateModified\":\"2023-01-05T16:18:12+00:00\",\"description\":\"Datenschutz und Schutz Ihrer Privatsph\u00e4re wird bei der Lizenz- und Marketingberatung Oliver Kainz gro\u00df geschrieben!\",\"breadcrumb\":{\"@id\":\"https:\/\/lizenzundmarketing.de\/?page_id=331#breadcrumb\"},\"inLanguage\":\"de\",\"potentialAction\":[{\"@type\":\"ReadAction\",\"target\":[\"https:\/\/lizenzundmarketing.de\/?page_id=331\"]}]},{\"@type\":\"BreadcrumbList\",\"@id\":\"https:\/\/lizenzundmarketing.de\/?page_id=331#breadcrumb\",\"itemListElement\":[{\"@type\":\"ListItem\",\"position\":1,\"name\":\"Startseite\",\"item\":\"https:\/\/lizenzundmarketing.de\/\"},{\"@type\":\"ListItem\",\"position\":2,\"name\":\"Impressum und Datenschutz\"}]},{\"@type\":\"WebSite\",\"@id\":\"https:\/\/lizenzundmarketing.de\/#website\",\"url\":\"https:\/\/lizenzundmarketing.de\/\",\"name\":\"LMOK-Vertrieb und Marke\",\"description\":\"Die Pers\u00f6nlichkeit ist die Ursache, das Image ist die Wirkung\",\"publisher\":{\"@id\":\"https:\/\/lizenzundmarketing.de\/#organization\"},\"potentialAction\":[{\"@type\":\"SearchAction\",\"target\":{\"@type\":\"EntryPoint\",\"urlTemplate\":\"https:\/\/lizenzundmarketing.de\/?s={search_term_string}\"},\"query-input\":\"required name=search_term_string\"}],\"inLanguage\":\"de\"},{\"@type\":\"Organization\",\"@id\":\"https:\/\/lizenzundmarketing.de\/#organization\",\"name\":\"Lizenz- und Marketingberatung Oliver Kainz\",\"url\":\"https:\/\/lizenzundmarketing.de\/\",\"logo\":{\"@type\":\"ImageObject\",\"inLanguage\":\"de\",\"@id\":\"https:\/\/lizenzundmarketing.de\/#\/schema\/logo\/image\/\",\"url\":\"https:\/\/lizenzundmarketing.de\/wp-content\/uploads\/2020\/03\/LizenzundMarketing_Logo_cmyk-2020.jpg\",\"contentUrl\":\"https:\/\/lizenzundmarketing.de\/wp-content\/uploads\/2020\/03\/LizenzundMarketing_Logo_cmyk-2020.jpg\",\"width\":1594,\"height\":194,\"caption\":\"Lizenz- und Marketingberatung Oliver Kainz\"},\"image\":{\"@id\":\"https:\/\/lizenzundmarketing.de\/#\/schema\/logo\/image\/\"}}]}<\/script>\n<!-- \/ Yoast SEO plugin. -->","yoast_head_json":{"title":"Impressum und Datenschutz - LMOK-Lizenz- und Marketingberatung","description":"Datenschutz und Schutz Ihrer Privatsph\u00e4re wird bei der Lizenz- und Marketingberatung Oliver Kainz gro\u00df geschrieben!","robots":{"index":"noindex","follow":"nofollow"},"og_locale":"de_DE","og_type":"article","og_title":"Impressum und Datenschutz - LMOK-Lizenz- und Marketingberatung","og_description":"Datenschutz und Schutz Ihrer Privatsph\u00e4re wird bei der Lizenz- und Marketingberatung Oliver Kainz gro\u00df geschrieben!","og_url":"https:\/\/lizenzundmarketing.de\/?page_id=331","og_site_name":"LMOK-Lizenz- und Marketingberatung","article_modified_time":"2023-01-05T16:18:12+00:00","twitter_card":"summary_large_image","twitter_misc":{"Gesch\u00e4tzte Lesezeit":"7\u00a0Minuten"},"schema":{"@context":"https:\/\/schema.org","@graph":[{"@type":"WebPage","@id":"https:\/\/lizenzundmarketing.de\/?page_id=331","url":"https:\/\/lizenzundmarketing.de\/?page_id=331","name":"Impressum und Datenschutz - LMOK-Lizenz- und Marketingberatung","isPartOf":{"@id":"https:\/\/lizenzundmarketing.de\/#website"},"datePublished":"2020-04-14T08:49:04+00:00","dateModified":"2023-01-05T16:18:12+00:00","description":"Datenschutz und Schutz Ihrer Privatsph\u00e4re wird bei der Lizenz- und Marketingberatung Oliver Kainz gro\u00df geschrieben!","breadcrumb":{"@id":"https:\/\/lizenzundmarketing.de\/?page_id=331#breadcrumb"},"inLanguage":"de","potentialAction":[{"@type":"ReadAction","target":["https:\/\/lizenzundmarketing.de\/?page_id=331"]}]},{"@type":"BreadcrumbList","@id":"https:\/\/lizenzundmarketing.de\/?page_id=331#breadcrumb","itemListElement":[{"@type":"ListItem","position":1,"name":"Startseite","item":"https:\/\/lizenzundmarketing.de\/"},{"@type":"ListItem","position":2,"name":"Impressum und Datenschutz"}]},{"@type":"WebSite","@id":"https:\/\/lizenzundmarketing.de\/#website","url":"https:\/\/lizenzundmarketing.de\/","name":"LMOK-Vertrieb und Marke","description":"Die Pers\u00f6nlichkeit ist die Ursache, das Image ist die Wirkung","publisher":{"@id":"https:\/\/lizenzundmarketing.de\/#organization"},"potentialAction":[{"@type":"SearchAction","target":{"@type":"EntryPoint","urlTemplate":"https:\/\/lizenzundmarketing.de\/?s={search_term_string}"},"query-input":"required name=search_term_string"}],"inLanguage":"de"},{"@type":"Organization","@id":"https:\/\/lizenzundmarketing.de\/#organization","name":"Lizenz- und Marketingberatung Oliver Kainz","url":"https:\/\/lizenzundmarketing.de\/","logo":{"@type":"ImageObject","inLanguage":"de","@id":"https:\/\/lizenzundmarketing.de\/#\/schema\/logo\/image\/","url":"https:\/\/lizenzundmarketing.de\/wp-content\/uploads\/2020\/03\/LizenzundMarketing_Logo_cmyk-2020.jpg","contentUrl":"https:\/\/lizenzundmarketing.de\/wp-content\/uploads\/2020\/03\/LizenzundMarketing_Logo_cmyk-2020.jpg","width":1594,"height":194,"caption":"Lizenz- und Marketingberatung Oliver Kainz"},"image":{"@id":"https:\/\/lizenzundmarketing.de\/#\/schema\/logo\/image\/"}}]}},"_links":{"self":[{"href":"https:\/\/lizenzundmarketing.de\/index.php?rest_route=\/wp\/v2\/pages\/331"}],"collection":[{"href":"https:\/\/lizenzundmarketing.de\/index.php?rest_route=\/wp\/v2\/pages"}],"about":[{"href":"https:\/\/lizenzundmarketing.de\/index.php?rest_route=\/wp\/v2\/types\/page"}],"author":[{"embeddable":true,"href":"https:\/\/lizenzundmarketing.de\/index.php?rest_route=\/wp\/v2\/users\/1"}],"replies":[{"embeddable":true,"href":"https:\/\/lizenzundmarketing.de\/index.php?rest_route=%2Fwp%2Fv2%2Fcomments&post=331"}],"version-history":[{"count":11,"href":"https:\/\/lizenzundmarketing.de\/index.php?rest_route=\/wp\/v2\/pages\/331\/revisions"}],"predecessor-version":[{"id":360,"href":"https:\/\/lizenzundmarketing.de\/index.php?rest_route=\/wp\/v2\/pages\/331\/revisions\/360"}],"wp:attachment":[{"href":"https:\/\/lizenzundmarketing.de\/index.php?rest_route=%2Fwp%2Fv2%2Fmedia&parent=331"}],"curies":[{"name":"wp","href":"https:\/\/api.w.org\/{rel}","templated":true}]}}